{"id":30,"date":"2019-11-14T17:18:49","date_gmt":"2019-11-14T20:18:49","guid":{"rendered":"http:\/\/espacioporespacio.com.ar\/?page_id=30"},"modified":"2025-05-06T18:52:01","modified_gmt":"2025-05-06T21:52:01","slug":"astrid","status":"publish","type":"page","link":"https:\/\/espacioporespacio.com.ar\/index.php\/astrid\/","title":{"rendered":"Astrid"},"content":{"rendered":"\n<p>Farmac\u00e9utica egresada de la UBA, especializada en auditor\u00edas internas, apasionada por el bienestar de las personas. <\/p>\n\n\n\n<p><\/p>\n\n\n<div class=\"wp-block-image\">\n<figure class=\"alignleft is-resized\"><img loading=\"lazy\" decoding=\"async\" width=\"378\" height=\"334\" src=\"http:\/\/espacioporespacio.com.ar\/wp-content\/uploads\/2019\/12\/foto-astrid-rec.jpg\" alt=\"\" class=\"wp-image-62\" style=\"width:285px;height:252px\" srcset=\"https:\/\/espacioporespacio.com.ar\/wp-content\/uploads\/2019\/12\/foto-astrid-rec.jpg 378w, https:\/\/espacioporespacio.com.ar\/wp-content\/uploads\/2019\/12\/foto-astrid-rec-300x265.jpg 300w\" sizes=\"(max-width: 378px) 100vw, 378px\" \/><figcaption class=\"wp-element-caption\">Fundadora Espacio x Espacio<\/figcaption><\/figure><\/div>\n\n\n<p>A lo largo de mi vida disfrut\u00e9 combinar los conocimientos sistem\u00e1ticos de la ciencia con conocimientos tradicionalistas como el Feng Shui y el Ba Zi, entendiendo de estos \u00faltimos la importancia del orden y disposici\u00f3n de las cosas en los espacios, para que la  energ\u00eda fluya por el hogar armoniosamente. Esto nos ayuda a tener la mente despejada y poder disfrutar de nuestro espacio con los beneficios par nuestra prosperidad.<\/p>\n\n\n\n<hr class=\"wp-block-separator has-css-opacity is-style-dots\"\/>\n\n\n\n<p>Con esta impronta motivadora recorr\u00ed mi camino profundizando los conocimientos en decoraci\u00f3n y dise\u00f1o de interiores, asesoramiento de imagen y organizaci\u00f3n profesional de espacios . Continuando con mi incansable ganas de aprender estudi\u00e9 Geobiolog\u00eda , P\u00e9ndulo hebreo , Salud energ\u00e9tica, Decodificaci\u00f3n ambiental y Sonoterapia (Cuencos Tibetanos y Diapasones). Siempre que realizo una organizaci\u00f3n incluyo algo de lo que aprend\u00ed en estos a\u00f1os<\/p>\n\n\n\n<p>Tambi\u00e9n realizo formaciones en Feng shui , Salud energ\u00e9tica , aromaterapia y organizaci\u00f3n de espacios, encontr\u00e9 mi pasi\u00f3n por ayudar a los dem\u00e1s .<\/p>\n\n\n\n<div style=\"height:27px\" aria-hidden=\"true\" class=\"wp-block-spacer\"><\/div>\n\n\n\n<blockquote class=\"wp-block-quote is-layout-flow wp-block-quote-is-layout-flow\">\n<p>Por medio del orden y la organizaci\u00f3n con reminiscencias del saber Feng Shui, es mi b\u00fasqueda lograr que al llegar a tu hogar o tu oficina respires el aire puro que da un buen espacio y que la energ\u00eda fluya para que puedas disfrutar tu vida con libertad y plenitud.<\/p>\n\n\n\n<p>Mi objetivo es lograr un espacio no s\u00f3lo organizado, ordenado , lindo tambi\u00e9n saludable para el cuerpo y el esp\u00edritu.<\/p>\n\n\n\n<p>Mis AVALES<\/p>\n\n\n\n<p>UBA, EBA, ATHOA, AROPA, Centro oficial de Feng Shui profesional, Sensibilizaci\u00f3n Sonora.<\/p>\n<\/blockquote>\n\n\n\n<figure class=\"wp-block-gallery has-nested-images columns-default is-cropped wp-block-gallery-1 is-layout-flex wp-block-gallery-is-layout-flex\">\n<figure class=\"wp-block-image size-large\"><img loading=\"lazy\" decoding=\"async\" width=\"575\" height=\"583\" data-id=\"260\" src=\"https:\/\/espacioporespacio.com.ar\/wp-content\/uploads\/2025\/05\/Sello-cetificacion-ATHOA-1.png\" alt=\"\" class=\"wp-image-260\" srcset=\"https:\/\/espacioporespacio.com.ar\/wp-content\/uploads\/2025\/05\/Sello-cetificacion-ATHOA-1.png 575w, https:\/\/espacioporespacio.com.ar\/wp-content\/uploads\/2025\/05\/Sello-cetificacion-ATHOA-1-296x300.png 296w, https:\/\/espacioporespacio.com.ar\/wp-content\/uploads\/2025\/05\/Sello-cetificacion-ATHOA-1-75x75.png 75w\" sizes=\"(max-width: 575px) 100vw, 575px\" \/><\/figure>\n\n\n\n<figure class=\"wp-block-image size-large\"><img loading=\"lazy\" decoding=\"async\" width=\"1024\" height=\"1024\" data-id=\"261\" src=\"https:\/\/espacioporespacio.com.ar\/wp-content\/uploads\/2025\/05\/thumbnail-1-1024x1024.jpg\" alt=\"\" class=\"wp-image-261\" srcset=\"https:\/\/espacioporespacio.com.ar\/wp-content\/uploads\/2025\/05\/thumbnail-1-1024x1024.jpg 1024w, https:\/\/espacioporespacio.com.ar\/wp-content\/uploads\/2025\/05\/thumbnail-1-300x300.jpg 300w, https:\/\/espacioporespacio.com.ar\/wp-content\/uploads\/2025\/05\/thumbnail-1-150x150.jpg 150w, https:\/\/espacioporespacio.com.ar\/wp-content\/uploads\/2025\/05\/thumbnail-1-768x768.jpg 768w, https:\/\/espacioporespacio.com.ar\/wp-content\/uploads\/2025\/05\/thumbnail-1-75x75.jpg 75w, https:\/\/espacioporespacio.com.ar\/wp-content\/uploads\/2025\/05\/thumbnail-1.jpg 1080w\" sizes=\"(max-width: 1024px) 100vw, 1024px\" \/><\/figure>\n\n\n\n<figure class=\"wp-block-image size-large\"><img loading=\"lazy\" decoding=\"async\" width=\"500\" height=\"489\" data-id=\"262\" src=\"https:\/\/espacioporespacio.com.ar\/wp-content\/uploads\/2025\/05\/Captura-de-pantalla-2025-01-25-154509-fotor-bg-remover-20250125154624.png\" alt=\"\" class=\"wp-image-262\" srcset=\"https:\/\/espacioporespacio.com.ar\/wp-content\/uploads\/2025\/05\/Captura-de-pantalla-2025-01-25-154509-fotor-bg-remover-20250125154624.png 500w, https:\/\/espacioporespacio.com.ar\/wp-content\/uploads\/2025\/05\/Captura-de-pantalla-2025-01-25-154509-fotor-bg-remover-20250125154624-300x293.png 300w\" sizes=\"(max-width: 500px) 100vw, 500px\" \/><\/figure>\n<\/figure>\n","protected":false},"excerpt":{"rendered":"<p>Farmac\u00e9utica egresada de la UBA, especializada en auditor\u00edas internas, apasionada por el bienestar de las personas. A lo largo de mi vida disfrut\u00e9 combinar los conocimientos sistem\u00e1ticos de la ciencia con conocimientos tradicionalistas como el Feng Shui y el Ba Zi, entendiendo de estos \u00faltimos la importancia del orden y disposici\u00f3n de las cosas en los espacios, para que la energ\u00eda fluya por el hogar armoniosamente. Esto nos ayuda a tener la mente despejada y poder disfrutar de nuestro espacio con los beneficios par nuestra prosperidad. Con esta impronta motivadora recorr\u00ed mi camino profundizando los conocimientos en decoraci\u00f3n y dise\u00f1o de interiores, asesoramiento de imagen y organizaci\u00f3n profesional de espacios . Continuando con mi incansable ganas de aprender estudi\u00e9 Geobiolog\u00eda , P\u00e9ndulo hebreo , Salud energ\u00e9tica, Decodificaci\u00f3n ambiental y Sonoterapia (Cuencos Tibetanos y Diapasones). Siempre que realizo una organizaci\u00f3n incluyo algo de lo que aprend\u00ed en estos a\u00f1os Tambi\u00e9n realizo formaciones en Feng shui , Salud energ\u00e9tica , aromaterapia y organizaci\u00f3n de espacios, encontr\u00e9 mi pasi\u00f3n por ayudar a los dem\u00e1s . Por medio del orden y la organizaci\u00f3n con reminiscencias del saber Feng Shui, es mi b\u00fasqueda lograr que al llegar a tu hogar o tu oficina respires el aire puro que da un buen espacio y que la energ\u00eda fluya para que puedas disfrutar tu vida con libertad y plenitud. Mi objetivo es lograr un espacio no s\u00f3lo organizado, ordenado , lindo tambi\u00e9n saludable para el cuerpo y el esp\u00edritu. Mis AVALES UBA, EBA, ATHOA, AROPA, Centro oficial de Feng Shui profesional, Sensibilizaci\u00f3n Sonora.<\/p>\n","protected":false},"author":1,"featured_media":0,"parent":0,"menu_order":0,"comment_status":"closed","ping_status":"closed","template":"","meta":{"footnotes":""},"_links":{"self":[{"href":"https:\/\/espacioporespacio.com.ar\/index.php\/wp-json\/wp\/v2\/pages\/30"}],"collection":[{"href":"https:\/\/espacioporespacio.com.ar\/index.php\/wp-json\/wp\/v2\/pages"}],"about":[{"href":"https:\/\/espacioporespacio.com.ar\/index.php\/wp-json\/wp\/v2\/types\/page"}],"author":[{"embeddable":true,"href":"https:\/\/espacioporespacio.com.ar\/index.php\/wp-json\/wp\/v2\/users\/1"}],"replies":[{"embeddable":true,"href":"https:\/\/espacioporespacio.com.ar\/index.php\/wp-json\/wp\/v2\/comments?post=30"}],"version-history":[{"count":12,"href":"https:\/\/espacioporespacio.com.ar\/index.php\/wp-json\/wp\/v2\/pages\/30\/revisions"}],"predecessor-version":[{"id":263,"href":"https:\/\/espacioporespacio.com.ar\/index.php\/wp-json\/wp\/v2\/pages\/30\/revisions\/263"}],"wp:attachment":[{"href":"https:\/\/espacioporespacio.com.ar\/index.php\/wp-json\/wp\/v2\/media?parent=30"}],"curies":[{"name":"wp","href":"https:\/\/api.w.org\/{rel}","templated":true}]}}