{"id":27,"date":"2019-11-14T17:18:12","date_gmt":"2019-11-14T20:18:12","guid":{"rendered":"http:\/\/espacioporespacio.com.ar\/?page_id=27"},"modified":"2025-05-06T19:30:34","modified_gmt":"2025-05-06T22:30:34","slug":"que-hacemos","status":"publish","type":"page","link":"https:\/\/espacioporespacio.com.ar\/index.php\/que-hacemos\/","title":{"rendered":"Qu\u00e9 hacemos"},"content":{"rendered":"\n<p><strong>Espacio X Espacio<\/strong> es una Organizadora Profesional (Professional Organiser), para el Hogar, Peque\u00f1os Negocios y Empresas, basada en t\u00e9cnicas de dise\u00f1o, productividad y feng shui.<\/p>\n\n\n\n<p>Asesoramos y educamos en <strong>Organizaci\u00f3n<\/strong>, <strong>Orden<\/strong>, <strong>Productividad <\/strong>e <strong>Imagen<\/strong>.<br><\/p>\n\n\n\n<p>La actuaci\u00f3n de un <em>Organizador Profesional<\/em> es el control, con criterios normalizados, de todos los enseres que reunimos sin orden, ni control: documentos, libros, fotos, cd, colecciones, herramientas, ropa, juguetes, materiales diversos, etc..<\/p>\n\n\n<div class=\"wp-block-image\">\n<figure class=\"alignleft\"><img loading=\"lazy\" decoding=\"async\" width=\"1024\" height=\"512\" src=\"http:\/\/espacioporespacio.com.ar\/wp-content\/uploads\/2019\/12\/hogar_ordenado_el_codigo_mar-1200x600-1024x512.jpg\" alt=\"\" class=\"wp-image-81\" srcset=\"https:\/\/espacioporespacio.com.ar\/wp-content\/uploads\/2019\/12\/hogar_ordenado_el_codigo_mar-1200x600-1024x512.jpg 1024w, https:\/\/espacioporespacio.com.ar\/wp-content\/uploads\/2019\/12\/hogar_ordenado_el_codigo_mar-1200x600-300x150.jpg 300w, https:\/\/espacioporespacio.com.ar\/wp-content\/uploads\/2019\/12\/hogar_ordenado_el_codigo_mar-1200x600-768x384.jpg 768w, https:\/\/espacioporespacio.com.ar\/wp-content\/uploads\/2019\/12\/hogar_ordenado_el_codigo_mar-1200x600-1080x540.jpg 1080w, https:\/\/espacioporespacio.com.ar\/wp-content\/uploads\/2019\/12\/hogar_ordenado_el_codigo_mar-1200x600-1140x570.jpg 1140w, https:\/\/espacioporespacio.com.ar\/wp-content\/uploads\/2019\/12\/hogar_ordenado_el_codigo_mar-1200x600.jpg 1200w\" sizes=\"(max-width: 1024px) 100vw, 1024px\" \/><figcaption class=\"wp-element-caption\">Orden y belleza<\/figcaption><\/figure><\/div>\n\n\n<p>Nuestros servicios son:<\/p>\n\n\n\n<h4 class=\"wp-block-heading\">&nbsp;Asesorar<\/h4>\n\n\n\n<p>Orientar y establecer pautas de actuaci\u00f3n&nbsp;para mantener nuestros espacios cotidianos. <\/p>\n\n\n\n<h4 class=\"wp-block-heading\">&nbsp;Intervenir<\/h4>\n\n\n\n<p>Generar espacios. Transformar un entorno desorganizado en un espacio din\u00e1mico y pr\u00e1ctico.<\/p>\n\n\n\n<p>Crear sistemas que hagan el trabajo cotidiano m\u00e1s f\u00e1cil: generar rutinas efectivas y procedimientos normalizados.<\/p>\n\n\n\n<p>Facilitar un cambio en el comportamiento&nbsp;que causa la desorganizaci\u00f3n. El consumismo y la falta de tiempo nos lleva a acumular sin saber qu\u00e9 tenemos ni d\u00f3nde lo tenemos. Gestionar y planificar ese caos: guardar, tirar, reciclar.<\/p>\n\n\n\n<p>Impulsar y estimular el progreso&nbsp;en organizaci\u00f3n y productividad personal y laboral.<\/p>\n\n\n\n<blockquote class=\"wp-block-quote is-layout-flow wp-block-quote-is-layout-flow\">\n<p>El objetivo fundamental:&nbsp;optimizar espacio y tiempo.<\/p>\n<\/blockquote>\n\n\n\n<hr class=\"wp-block-separator has-css-opacity is-style-dots\"\/>\n\n\n<div class=\"wp-block-image\">\n<figure class=\"alignleft is-resized\"><img loading=\"lazy\" decoding=\"async\" width=\"600\" height=\"600\" src=\"http:\/\/espacioporespacio.com.ar\/wp-content\/uploads\/2019\/12\/purpurafengshui.jpg\" alt=\"\" class=\"wp-image-88\" style=\"width:429px;height:429px\" srcset=\"https:\/\/espacioporespacio.com.ar\/wp-content\/uploads\/2019\/12\/purpurafengshui.jpg 600w, https:\/\/espacioporespacio.com.ar\/wp-content\/uploads\/2019\/12\/purpurafengshui-150x150.jpg 150w, https:\/\/espacioporespacio.com.ar\/wp-content\/uploads\/2019\/12\/purpurafengshui-300x300.jpg 300w, https:\/\/espacioporespacio.com.ar\/wp-content\/uploads\/2019\/12\/purpurafengshui-75x75.jpg 75w\" sizes=\"(max-width: 600px) 100vw, 600px\" \/><figcaption class=\"wp-element-caption\">Feng Shui lo ancestral al servicio de lo cotidiano<\/figcaption><\/figure><\/div>\n\n\n<p class=\"has-text-align-left\"><strong>Feng Shui<\/strong><\/p>\n\n\n\n<p>Nuestra labor se ancla s\u00f3lidamente en los principios de la filosof\u00eda china que busca la mejora de las condiciones ambientales para encontrar el bienestar y la armon\u00eda general del individuo, de la familia o de los equipos de trabajo en relaci\u00f3n a su entorno.<\/p>\n\n\n\n<p>Estudiamos como&nbsp;influye en la energ\u00eda vital, o &#8220;chi&#8221;, de las personas que habitan los espacios y la potenciamos para lograr prosperidad ,mejorar nuestra salud y relaciones.<\/p>\n\n\n\n<p><\/p>\n\n\n\n<p><\/p>\n\n\n\n<p><\/p>\n\n\n\n<p><\/p>\n\n\n\n<p><strong>Salud Energ\u00e9tica<\/strong> <strong>Ambiental<\/strong><\/p>\n\n\n\n<p>Muchas enfermedades son el resultado de estar sometidos a una influencia negativa del entorno. Su impacto en la persona est\u00e1 relacionado con la intensidad del elemento agresor, el tiempo de exposici\u00f3n y el estado del sistema inmune de la persona expuesta. Las \u00faltimas investigaciones est\u00e1n poniendo en evidencia el efecto sobre las personas de multitud de t\u00f3xicos y radiaciones con los que convivimos en nuestra vida cotidiana. Cuando una persona est\u00e1 expuesta se produce lo que denominamos el circulo vicioso de la enfermedad geoambiental que consiste en que la persona, tras el tratamiento, mejora s\u00f3lo por cortos periodos teniendo continuas reca\u00eddas, ya que sigue expuesta al factor que produce o coadyuva con la enfermedad.<\/p>\n\n\n\n<p>Con El estudio geobiol\u00f3gico nos centramos en analizar las radiaciones naturales\u00a0del lugar de descanso, se trata de buscar las \u00e1reas que no produzcan estr\u00e9s geop\u00e1tico\u00a0. <\/p>\n\n\n\n<p>El objeto&nbsp;es descubrir posibles exposiciones a factores de contaminaci\u00f3n geoambiental, analizando m\u00faltiples factores ambientales que pueden estar influyendo en el estado de salud.<\/p>\n\n\n\n<p>\u00a0Conociendo los niveles de todos estos factores podremos establecer las medidas correctoras m\u00e1s oportunas para mejorar el entorno consiguiendo un espacio sano tanto en nuestro hogar como en nuestro espacio de trabajo.<\/p>\n\n\n\n<p><strong>SONOTERAPIA<\/strong>, sensibilizaci\u00f3n sonora<\/p>\n\n\n\n<p>ciencia, arte y presencia<br><br>La Sonoterapia es el uso terap\u00e9utico y consciente del sonido para:<br>\u2022Restaurar la coherencia vibracional del cuerpo<br>\u2022Activar los procesos de autorregulaci\u00f3n energ\u00e9tica<br>\u2022Desbloquear zonas som\u00e1ticas cargadas de tensi\u00f3n emocional<br>\u2022Acompa\u00f1ar tr\u00e1nsitos psicoespirituales sin invasi\u00f3n.<\/p>\n\n\n\n<p>El diapas\u00f3n es una herramienta de precisi\u00f3n vibracional. Su forma sencilla \u2014una horquilla met\u00e1lica que vibra a una frecuencia constante\u2014 esconde un poder profundo: el de recordarle al cuerpo su tono original sin necesidad de invadirlo.<\/p>\n\n\n\n<p>Con los cuencos pasa algo parecido pero adem\u00e1s de utilizarlo para armonizar los chakras , realizar una limpieza energ\u00e9tica del cuerpo tambi\u00e9n se utiliza para limpieza energ\u00e9tica ambiental.<\/p>\n\n\n\n<p>realizamos sesiones.<\/p>\n\n\n\n<p><\/p>\n\n\n\n<ol start=\"4\"><\/ol>\n","protected":false},"excerpt":{"rendered":"<p>Espacio X Espacio es una Organizadora Profesional (Professional Organiser), para el Hogar, Peque\u00f1os Negocios y Empresas, basada en t\u00e9cnicas de dise\u00f1o, productividad y feng shui. Asesoramos y educamos en Organizaci\u00f3n, Orden, Productividad e Imagen. La actuaci\u00f3n de un Organizador Profesional es el control, con criterios normalizados, de todos los enseres que reunimos sin orden, ni control: documentos, libros, fotos, cd, colecciones, herramientas, ropa, juguetes, materiales diversos, etc.. Nuestros servicios son: &nbsp;Asesorar Orientar y establecer pautas de actuaci\u00f3n&nbsp;para mantener nuestros espacios cotidianos. &nbsp;Intervenir Generar espacios. Transformar un entorno desorganizado en un espacio din\u00e1mico y pr\u00e1ctico. Crear sistemas que hagan el trabajo cotidiano m\u00e1s f\u00e1cil: generar rutinas efectivas y procedimientos normalizados. Facilitar un cambio en el comportamiento&nbsp;que causa la desorganizaci\u00f3n. El consumismo y la falta de tiempo nos lleva a acumular sin saber qu\u00e9 tenemos ni d\u00f3nde lo tenemos. Gestionar y planificar ese caos: guardar, tirar, reciclar. Impulsar y estimular el progreso&nbsp;en organizaci\u00f3n y productividad personal y laboral. El objetivo fundamental:&nbsp;optimizar espacio y tiempo. Feng Shui Nuestra labor se ancla s\u00f3lidamente en los principios de la filosof\u00eda china que busca la mejora de las condiciones ambientales para encontrar el bienestar y la armon\u00eda general del individuo, de la familia o de los equipos de trabajo en relaci\u00f3n a su entorno. Estudiamos como&nbsp;influye en la energ\u00eda vital, o &#8220;chi&#8221;, de las personas que habitan los espacios y la potenciamos para lograr prosperidad ,mejorar nuestra salud y relaciones. Salud Energ\u00e9tica Ambiental Muchas enfermedades son el resultado de estar sometidos a una influencia negativa del entorno. Su impacto en la persona est\u00e1 relacionado con la intensidad del elemento agresor, el tiempo de exposici\u00f3n y el estado del sistema inmune de la persona expuesta. Las \u00faltimas investigaciones est\u00e1n poniendo en evidencia el efecto sobre las personas de multitud de t\u00f3xicos y radiaciones con los que convivimos en nuestra vida cotidiana. Cuando una persona est\u00e1 expuesta se produce lo que denominamos el circulo vicioso de la enfermedad geoambiental que consiste en que la persona, tras el tratamiento, mejora s\u00f3lo por cortos periodos teniendo continuas reca\u00eddas, ya que sigue expuesta al factor que produce o coadyuva con la enfermedad. Con El estudio geobiol\u00f3gico nos centramos en analizar las radiaciones naturales\u00a0del lugar de descanso, se trata de buscar las \u00e1reas que no produzcan estr\u00e9s geop\u00e1tico\u00a0. El objeto&nbsp;es descubrir posibles exposiciones a factores de contaminaci\u00f3n geoambiental, analizando m\u00faltiples factores ambientales que pueden estar influyendo en el estado de salud. \u00a0Conociendo los niveles de todos estos factores podremos establecer las medidas correctoras m\u00e1s oportunas para mejorar el entorno consiguiendo un espacio sano tanto en nuestro hogar como en nuestro espacio de trabajo. SONOTERAPIA, sensibilizaci\u00f3n sonora ciencia, arte y presencia La Sonoterapia es el uso terap\u00e9utico y consciente del sonido para:\u2022Restaurar la coherencia vibracional del cuerpo\u2022Activar los procesos de autorregulaci\u00f3n energ\u00e9tica\u2022Desbloquear zonas som\u00e1ticas cargadas de tensi\u00f3n emocional\u2022Acompa\u00f1ar tr\u00e1nsitos psicoespirituales sin invasi\u00f3n. El diapas\u00f3n es una herramienta de precisi\u00f3n vibracional. Su forma sencilla \u2014una horquilla met\u00e1lica que vibra a una frecuencia constante\u2014 esconde un poder profundo: el de recordarle al cuerpo su tono original sin necesidad de invadirlo. Con los cuencos pasa algo parecido pero adem\u00e1s de utilizarlo para armonizar los chakras , realizar una limpieza energ\u00e9tica del cuerpo tambi\u00e9n se utiliza para limpieza energ\u00e9tica ambiental. realizamos sesiones.<\/p>\n","protected":false},"author":1,"featured_media":0,"parent":0,"menu_order":0,"comment_status":"closed","ping_status":"closed","template":"","meta":{"footnotes":""},"_links":{"self":[{"href":"https:\/\/espacioporespacio.com.ar\/index.php\/wp-json\/wp\/v2\/pages\/27"}],"collection":[{"href":"https:\/\/espacioporespacio.com.ar\/index.php\/wp-json\/wp\/v2\/pages"}],"about":[{"href":"https:\/\/espacioporespacio.com.ar\/index.php\/wp-json\/wp\/v2\/types\/page"}],"author":[{"embeddable":true,"href":"https:\/\/espacioporespacio.com.ar\/index.php\/wp-json\/wp\/v2\/users\/1"}],"replies":[{"embeddable":true,"href":"https:\/\/espacioporespacio.com.ar\/index.php\/wp-json\/wp\/v2\/comments?post=27"}],"version-history":[{"count":17,"href":"https:\/\/espacioporespacio.com.ar\/index.php\/wp-json\/wp\/v2\/pages\/27\/revisions"}],"predecessor-version":[{"id":267,"href":"https:\/\/espacioporespacio.com.ar\/index.php\/wp-json\/wp\/v2\/pages\/27\/revisions\/267"}],"wp:attachment":[{"href":"https:\/\/espacioporespacio.com.ar\/index.php\/wp-json\/wp\/v2\/media?parent=27"}],"curies":[{"name":"wp","href":"https:\/\/api.w.org\/{rel}","templated":true}]}}