{"id":24,"date":"2019-11-14T17:17:43","date_gmt":"2019-11-14T20:17:43","guid":{"rendered":"http:\/\/espacioporespacio.com.ar\/?page_id=24"},"modified":"2019-12-15T11:37:51","modified_gmt":"2019-12-15T14:37:51","slug":"filosofia","status":"publish","type":"page","link":"https:\/\/espacioporespacio.com.ar\/index.php\/filosofia\/","title":{"rendered":"Filosof\u00eda de Espacio x Espacio"},"content":{"rendered":"\n<p>La organizaci\u00f3n en un hogar nos conduce a ordenarnos internamente y vivir en armon\u00eda. Nos da alegr\u00eda, energ\u00eda, el aire fluye.<\/p>\n\n\n\n<p>La mente est\u00e1 m\u00e1s relajada y no se dispersa en cosas no importantes. <\/p>\n\n\n\n<p>Trabajamos con el orden y el feng shui como dos grandes aliados que se retroalimentan.<\/p>\n\n\n\n<div class=\"wp-block-image\"><figure class=\"alignright is-resized\"><img loading=\"lazy\" decoding=\"async\" src=\"http:\/\/espacioporespacio.com.ar\/wp-content\/uploads\/2019\/12\/Cajas.jpg\" alt=\"\" class=\"wp-image-75\" width=\"400\" height=\"283\" srcset=\"https:\/\/espacioporespacio.com.ar\/wp-content\/uploads\/2019\/12\/Cajas.jpg 564w, https:\/\/espacioporespacio.com.ar\/wp-content\/uploads\/2019\/12\/Cajas-300x213.jpg 300w\" sizes=\"(max-width: 400px) 100vw, 400px\" \/><\/figure><\/div>\n\n\n\n<blockquote class=\"wp-block-quote is-layout-flow wp-block-quote-is-layout-flow\"><p>Queremos que nuestros clientes al abrir la puerta de su casa, de su oficina, al entrar a su empresa, se encuentren en un entorno que les permita una percepci\u00f3n ampliada de su d\u00eda, de su vida.<\/p><\/blockquote>\n\n\n\n<p>Conocimiento, competencia, resoluci\u00f3n y sensibilidad\u00a0hacen posible una ejecuci\u00f3n del trabajo personalizado y con participaci\u00f3n activa del cliente.<br>Credibilidad, confianza y discreci\u00f3n\u00a0es el sello de identidad de nuestra marca.<\/p>\n\n\n\n<figure class=\"wp-block-image\"><img loading=\"lazy\" decoding=\"async\" width=\"980\" height=\"528\" src=\"http:\/\/espacioporespacio.com.ar\/wp-content\/uploads\/2019\/12\/HO62RV7KDRH2HPSJYJCTT6KXJA.jpg\" alt=\"\" class=\"wp-image-76\" srcset=\"https:\/\/espacioporespacio.com.ar\/wp-content\/uploads\/2019\/12\/HO62RV7KDRH2HPSJYJCTT6KXJA.jpg 980w, https:\/\/espacioporespacio.com.ar\/wp-content\/uploads\/2019\/12\/HO62RV7KDRH2HPSJYJCTT6KXJA-300x162.jpg 300w, https:\/\/espacioporespacio.com.ar\/wp-content\/uploads\/2019\/12\/HO62RV7KDRH2HPSJYJCTT6KXJA-768x414.jpg 768w\" sizes=\"(max-width: 980px) 100vw, 980px\" \/><\/figure>\n","protected":false},"excerpt":{"rendered":"<p>La organizaci\u00f3n en un hogar nos conduce a ordenarnos internamente y vivir en armon\u00eda. Nos da alegr\u00eda, energ\u00eda, el aire fluye. La mente est\u00e1 m\u00e1s relajada y no se dispersa en cosas no importantes. Trabajamos con el orden y el feng shui como dos grandes aliados que se retroalimentan. Queremos que nuestros clientes al abrir la puerta de su casa, de su oficina, al entrar a su empresa, se encuentren en un entorno que les permita una percepci\u00f3n ampliada de su d\u00eda, de su vida. Conocimiento, competencia, resoluci\u00f3n y sensibilidad\u00a0hacen posible una ejecuci\u00f3n del trabajo personalizado y con participaci\u00f3n activa del cliente.Credibilidad, confianza y discreci\u00f3n\u00a0es el sello de identidad de nuestra marca.<\/p>\n","protected":false},"author":1,"featured_media":0,"parent":0,"menu_order":0,"comment_status":"closed","ping_status":"closed","template":"","meta":{"footnotes":""},"_links":{"self":[{"href":"https:\/\/espacioporespacio.com.ar\/index.php\/wp-json\/wp\/v2\/pages\/24"}],"collection":[{"href":"https:\/\/espacioporespacio.com.ar\/index.php\/wp-json\/wp\/v2\/pages"}],"about":[{"href":"https:\/\/espacioporespacio.com.ar\/index.php\/wp-json\/wp\/v2\/types\/page"}],"author":[{"embeddable":true,"href":"https:\/\/espacioporespacio.com.ar\/index.php\/wp-json\/wp\/v2\/users\/1"}],"replies":[{"embeddable":true,"href":"https:\/\/espacioporespacio.com.ar\/index.php\/wp-json\/wp\/v2\/comments?post=24"}],"version-history":[{"count":6,"href":"https:\/\/espacioporespacio.com.ar\/index.php\/wp-json\/wp\/v2\/pages\/24\/revisions"}],"predecessor-version":[{"id":123,"href":"https:\/\/espacioporespacio.com.ar\/index.php\/wp-json\/wp\/v2\/pages\/24\/revisions\/123"}],"wp:attachment":[{"href":"https:\/\/espacioporespacio.com.ar\/index.php\/wp-json\/wp\/v2\/media?parent=24"}],"curies":[{"name":"wp","href":"https:\/\/api.w.org\/{rel}","templated":true}]}}