{"id":145,"date":"2020-02-11T13:23:41","date_gmt":"2020-02-11T16:23:41","guid":{"rendered":"http:\/\/espacioporespacio.com.ar\/?page_id=145"},"modified":"2020-02-11T14:07:07","modified_gmt":"2020-02-11T17:07:07","slug":"fondo-de-armario","status":"publish","type":"page","link":"https:\/\/espacioporespacio.com.ar\/index.php\/fondo-de-armario\/","title":{"rendered":"Fondo de Armario"},"content":{"rendered":"\n<blockquote class=\"wp-block-quote is-layout-flow wp-block-quote-is-layout-flow\"><p>Entre nuestros servicios m\u00e1s valorados se encuentra el asesoramiento para lograr un correcto Fondo de Armario.<\/p><\/blockquote>\n\n\n\n<hr class=\"wp-block-separator is-style-dots\"\/>\n\n\n\n<h4 class=\"wp-block-heading\">\u00bfQu\u00e9 es eso????<\/h4>\n\n\n\n<div class=\"wp-block-image\"><figure class=\"alignleft is-resized\"><img loading=\"lazy\" decoding=\"async\" src=\"http:\/\/espacioporespacio.com.ar\/wp-content\/uploads\/2020\/02\/closet-detox.png\" alt=\"\" class=\"wp-image-115\" width=\"386\" height=\"367\" srcset=\"https:\/\/espacioporespacio.com.ar\/wp-content\/uploads\/2020\/02\/closet-detox.png 524w, https:\/\/espacioporespacio.com.ar\/wp-content\/uploads\/2020\/02\/closet-detox-300x286.png 300w\" sizes=\"(max-width: 386px) 100vw, 386px\" \/><\/figure><\/div>\n\n\n\n<p>El fondo de armario es la&nbsp;<strong>ropa b\u00e1sica<\/strong>&nbsp;que puedes utilizar constantemente, a\u00f1o tras a\u00f1o y que no pasa de moda. Podemos definirlo como lo b\u00e1sico que debes tener para vestir en todas las ocasiones: entrevista de trabajo, una cena o una boda. Aunque son b\u00e1sicos, su funci\u00f3n es combinar a la perfecci\u00f3n con otras prendas m\u00e1s de moda. <\/p>\n\n\n\n<p>Obviamente, el&nbsp;<strong>fondo de armario<\/strong>&nbsp;de cada persona es diferente seg\u00fan su estilo o lo que mejor le sienta pero hay unos cl\u00e1sicos que nunca fallan y que te permitir\u00e1n tener varios looks, simplemente cambiando los pantalones o los accesorios.<\/p>\n","protected":false},"excerpt":{"rendered":"<p>Entre nuestros servicios m\u00e1s valorados se encuentra el asesoramiento para lograr un correcto Fondo de Armario. \u00bfQu\u00e9 es eso???? El fondo de armario es la&nbsp;ropa b\u00e1sica&nbsp;que puedes utilizar constantemente, a\u00f1o tras a\u00f1o y que no pasa de moda. Podemos definirlo como lo b\u00e1sico que debes tener para vestir en todas las ocasiones: entrevista de trabajo, una cena o una boda. Aunque son b\u00e1sicos, su funci\u00f3n es combinar a la perfecci\u00f3n con otras prendas m\u00e1s de moda. Obviamente, el&nbsp;fondo de armario&nbsp;de cada persona es diferente seg\u00fan su estilo o lo que mejor le sienta pero hay unos cl\u00e1sicos que nunca fallan y que te permitir\u00e1n tener varios looks, simplemente cambiando los pantalones o los accesorios.<\/p>\n","protected":false},"author":1,"featured_media":0,"parent":0,"menu_order":0,"comment_status":"closed","ping_status":"closed","template":"","meta":{"footnotes":""},"_links":{"self":[{"href":"https:\/\/espacioporespacio.com.ar\/index.php\/wp-json\/wp\/v2\/pages\/145"}],"collection":[{"href":"https:\/\/espacioporespacio.com.ar\/index.php\/wp-json\/wp\/v2\/pages"}],"about":[{"href":"https:\/\/espacioporespacio.com.ar\/index.php\/wp-json\/wp\/v2\/types\/page"}],"author":[{"embeddable":true,"href":"https:\/\/espacioporespacio.com.ar\/index.php\/wp-json\/wp\/v2\/users\/1"}],"replies":[{"embeddable":true,"href":"https:\/\/espacioporespacio.com.ar\/index.php\/wp-json\/wp\/v2\/comments?post=145"}],"version-history":[{"count":7,"href":"https:\/\/espacioporespacio.com.ar\/index.php\/wp-json\/wp\/v2\/pages\/145\/revisions"}],"predecessor-version":[{"id":158,"href":"https:\/\/espacioporespacio.com.ar\/index.php\/wp-json\/wp\/v2\/pages\/145\/revisions\/158"}],"wp:attachment":[{"href":"https:\/\/espacioporespacio.com.ar\/index.php\/wp-json\/wp\/v2\/media?parent=145"}],"curies":[{"name":"wp","href":"https:\/\/api.w.org\/{rel}","templated":true}]}}