{"id":132,"date":"2020-02-11T12:53:18","date_gmt":"2020-02-11T15:53:18","guid":{"rendered":"http:\/\/espacioporespacio.com.ar\/?page_id=132"},"modified":"2020-02-11T12:53:18","modified_gmt":"2020-02-11T15:53:18","slug":"imagen-personal-2","status":"publish","type":"page","link":"https:\/\/espacioporespacio.com.ar\/index.php\/imagen-personal-2\/","title":{"rendered":"Imagen Personal"},"content":{"rendered":"\n<p>RECIBIR UN ASESORAMIENTO DE IMAGEN TE PERMITE<\/p>\n\n\n\n<ul><li>Afianzar el estilo propio y la imagen estrat\u00e9gica para tu estilo de vida en todas las ocasiones<\/li><li>Redefinir tu silueta y aprender a elegir las prendas y colores ideales que te favorecen y armonizan \u00a0<\/li><li>Ganar seguridad, elegir con certeza como verte y vestirte m\u00e1s r\u00e1pidamente<\/li><li>Invertir en un guardarropa que sea eficiente porque comprar\u00e1s solamente lo que te queda bien\u00a0y se adapte a tu estilo personal <\/li><\/ul>\n\n\n\n<p>Te acompa\u00f1amos en todo el proceso para definirte y afianzarte.<\/p>\n\n\n\n<p><\/p>\n","protected":false},"excerpt":{"rendered":"<p>RECIBIR UN ASESORAMIENTO DE IMAGEN TE PERMITE Afianzar el estilo propio y la imagen estrat\u00e9gica para tu estilo de vida en todas las ocasiones Redefinir tu silueta y aprender a elegir las prendas y colores ideales que te favorecen y armonizan \u00a0 Ganar seguridad, elegir con certeza como verte y vestirte m\u00e1s r\u00e1pidamente Invertir en un guardarropa que sea eficiente porque comprar\u00e1s solamente lo que te queda bien\u00a0y se adapte a tu estilo personal Te acompa\u00f1amos en todo el proceso para definirte y afianzarte.<\/p>\n","protected":false},"author":1,"featured_media":133,"parent":0,"menu_order":0,"comment_status":"closed","ping_status":"closed","template":"","meta":{"footnotes":""},"_links":{"self":[{"href":"https:\/\/espacioporespacio.com.ar\/index.php\/wp-json\/wp\/v2\/pages\/132"}],"collection":[{"href":"https:\/\/espacioporespacio.com.ar\/index.php\/wp-json\/wp\/v2\/pages"}],"about":[{"href":"https:\/\/espacioporespacio.com.ar\/index.php\/wp-json\/wp\/v2\/types\/page"}],"author":[{"embeddable":true,"href":"https:\/\/espacioporespacio.com.ar\/index.php\/wp-json\/wp\/v2\/users\/1"}],"replies":[{"embeddable":true,"href":"https:\/\/espacioporespacio.com.ar\/index.php\/wp-json\/wp\/v2\/comments?post=132"}],"version-history":[{"count":1,"href":"https:\/\/espacioporespacio.com.ar\/index.php\/wp-json\/wp\/v2\/pages\/132\/revisions"}],"predecessor-version":[{"id":135,"href":"https:\/\/espacioporespacio.com.ar\/index.php\/wp-json\/wp\/v2\/pages\/132\/revisions\/135"}],"wp:featuredmedia":[{"embeddable":true,"href":"https:\/\/espacioporespacio.com.ar\/index.php\/wp-json\/wp\/v2\/media\/133"}],"wp:attachment":[{"href":"https:\/\/espacioporespacio.com.ar\/index.php\/wp-json\/wp\/v2\/media?parent=132"}],"curies":[{"name":"wp","href":"https:\/\/api.w.org\/{rel}","templated":true}]}}